{"id":2164,"date":"2026-01-23T09:52:05","date_gmt":"2026-01-23T09:52:05","guid":{"rendered":"https:\/\/36zerovision.com\/?page_id=2164"},"modified":"2026-01-23T11:01:54","modified_gmt":"2026-01-23T11:01:54","slug":"partner-profile-phil-vision","status":"publish","type":"page","link":"https:\/\/36zerovision.com\/en\/partner-steckbrief-phil-vision\/","title":{"rendered":"Partner profile phil-vision"},"content":{"rendered":"<h1>36ZERO Vision Premium Partner<\/h1>\n<p><a href=\"https:\/\/www.phil-vision.com\/de\/\"><img decoding=\"async\" src=\"\/wp-content\/uploads\/2026\/01\/Logo-tagline-rgb-free.png\" alt=\"\"><\/a><\/p>\n<hr>\n<h2>\n<h2>Bildverarbeitungsl\u00f6sungen f\u00fcr Maschinenbau und Industrieautomatisierung<\/h2>\n<\/h2>\n<div>\n<p>Die phil-vision GmbH ist ein herstellerunabh\u00e4ngiger Systemintegrator f\u00fcr industrielle Bildverarbeitung und Computer Vision. Sie unterst\u00fctzen Maschinenbauer, OEMs und Industrieunternehmen bei der Entwicklung und Integration kamerabasierter Pr\u00fcf-, Mess- und Automatisierungsl\u00f6sungen. phil-vision kombiniert langj\u00e4hrige Erfahrung in Softwareentwicklung, Systementwicklung und Automatisierung mit modernen Verfahren basierend auf klassische Bildverarbeitung und Deep Learning. Der Fokus liegt auf robusten, praxistauglichen L\u00f6sungen, die zuverl\u00e4ssig unter realen Industriebedingungen funktionieren.<\/p>\n<p>phil-vision begleitet Projekte von der Idee \u00fcber\u00a0 Machbarkeitsanalysen und Systemauslegung bis zur Umsetzung, Inbetriebnahme und dem stabilen Betrieb im Feld.<\/p>\n<\/div>\n<ul>\n<li>\n<h3><mark>Industrien<\/mark><\/h3>\n<div>\n<ul>\n<li>Maschinen- und Anlagenbau<\/li>\n<li>Industrieautomation &amp; Produktion<\/li>\n<li>Qualit\u00e4tspr\u00fcfung &amp; Qualit\u00e4tsmanagement<\/li>\n<li>Lebensmittel- &amp; Getr\u00e4nkeindustrie<\/li>\n<li>Automotive<\/li>\n<li>Druck- &amp; Verpackungsindustrie<\/li>\n<li>Bau &amp; Fertigteilproduktion<\/li>\n<li>Agrar &amp; Food<\/li>\n<\/ul>\n<\/div>\n<\/li>\n<li>\n<h3><mark>L\u00f6sungen<\/mark><\/h3>\n<div>\n<ul>\n<li>Kamerabasierte Pr\u00fcf- und Inspektionssysteme<\/li>\n<li>Prozess\u00fcberwachung<\/li>\n<li>Optische Vermessungsl\u00f6sungen (2D\/3D)<\/li>\n<li>3D-Bildverarbeitung und 3D-Messsysteme<\/li>\n<li>Sortier- und Klassifizierungsl\u00f6sungen<\/li>\n<li>OCR\/Code-Lesen\/Identifikation<\/li>\n<li>Vollst\u00e4ndigkeits- und Anwesenheitspr\u00fcfungen<\/li>\n<li>Smart-Vision-Systeme &amp; modulare Kameral\u00f6sungen<\/li>\n<li>Nachr\u00fcstung\/Retrofit von Vision-Systemen <\/li>\n<\/ul>\n<\/div>\n<\/li>\n<li>\n<h3><mark>Service Portfolio<\/mark><\/h3>\n<div>\n<ul>\n<li>Entwicklung kundenspezifischer Komplettl\u00f6sungen<\/li>\n<li>Beratung &amp; Konzeptentwicklung<\/li>\n<li>Machbarkeitsanalysen (Proof of Concept)<\/li>\n<li>Systemauslegung (Hardware\/Optik\/Beleuchtung)<\/li>\n<li>Projektumsetzung &amp; Integration in Maschinen\/Anlagen<\/li>\n<li>Softwareentwicklung f\u00fcr Bildverarbeitung\/KI<\/li>\n<li>Inbetriebnahme, Test &amp; Validierung<\/li>\n<li>Wartung &amp; Support<\/li>\n<li>Schulungen &amp; Know-how-Transfer<\/li>\n<\/ul>\n<\/div>\n<\/li>\n<li>\n<h3><mark>Spezialgebiet<\/mark><\/h3>\n<div>\n<ul>\n<li>Industrielle Bildverarbeitung \/ Computer Vision<\/li>\n<li>Integration komplexer Vision-Systeme in Maschinenumgebungen<\/li>\n<li>Robuste L\u00f6sungen f\u00fcr reale Industriebedingungen<\/li>\n<li>Praxistaugliche, passgenaue L\u00f6sungen<\/li>\n<li>Deep Learning + klassische Bildverarbeitung\u00a0<\/li>\n<li>Herstellerunabh\u00e4ngige Systemintegration<\/li>\n<li>Kombination von Kamera, Optik und Beleuchtung\u00a0<\/li>\n<li>Serienreife Umsetzung inkl. Betrieb im Feld \/ After-Launch Support<\/li>\n<\/ul>\n<\/div>\n<\/li>\n<\/ul>\n<hr>\n<h1>\n<h2><span>phil-vision GmbH<\/span><\/h2>\n<\/h1>\n<table>\n<tbody>\n<tr>\n<td>Adresse:<\/td>\n<td>\n<p>Junkersstr. 5<\/p>\n<p>82178 Puchheim<\/p>\n<p>Deutschland<\/p>\n<\/td>\n<\/tr>\n<tr>\n<td>Kontakt:<\/td>\n<td>\n<p><a href=\"tel:0049 89 125094350\">+49 89 125094350<\/a><\/p>\n<\/td>\n<\/tr>\n<tr>\n<td><\/td>\n<td><a href=\"mailto:info@phil-vision.com\">info@phil-vision.com<\/a><\/td>\n<\/tr>\n<tr>\n<td>Website:<\/td>\n<td>\n<p><a href=\"https:\/\/www.phil-vision.com\/de\/\">phil-vision.com<\/a><\/p>\n<\/td>\n<\/tr>\n<\/tbody>\n<\/table>\n<p><a href=\"https:\/\/www.linkedin.com\/company\/phil-vision\/\">[linkedin]<\/a><\/p>\n<p><!--more--><br \/>\n<!-- {\"type\":\"layout\",\"children\":[{\"type\":\"section\",\"props\":{\"image_position\":\"center-center\",\"style\":\"default\",\"title_breakpoint\":\"xl\",\"title_position\":\"top-left\",\"title_rotation\":\"left\",\"vertical_align\":\"middle\",\"width\":\"default\"},\"children\":[{\"type\":\"row\",\"children\":[{\"type\":\"column\",\"props\":{\"image_position\":\"center-center\",\"position_sticky_breakpoint\":\"m\"},\"children\":[{\"type\":\"headline\",\"props\":{\"content\":\"36ZERO Vision Premium Partner\",\"title_element\":\"h1\"}},{\"type\":\"image\",\"props\":{\"image\":\"wp-content\\\/uploads\\\/2026\\\/01\\\/Logo-tagline-rgb-free.png\",\"image_height\":210,\"image_svg_color\":\"emphasis\",\"link\":\"https:\\\/\\\/www.phil-vision.com\\\/de\\\/\",\"margin\":\"default\"}},{\"type\":\"divider\",\"props\":{\"divider_element\":\"hr\"}},{\"type\":\"headline\",\"props\":{\"content\":\"\n\n<h2>Bildverarbeitungsl\\u00f6sungen f\\u00fcr Maschinenbau und Industrieautomatisierung<\\\/h2>\",\"title_element\":\"h2\"}}]}]}]},{\"type\":\"section\",\"props\":{\"image_position\":\"center-center\",\"style\":\"muted\",\"title_breakpoint\":\"xl\",\"title_position\":\"top-left\",\"title_rotation\":\"left\",\"vertical_align\":\"middle\",\"width\":\"default\"},\"children\":[{\"type\":\"row\",\"children\":[{\"type\":\"column\",\"props\":{\"image_position\":\"center-center\",\"position_sticky_breakpoint\":\"m\"},\"children\":[{\"type\":\"text\",\"props\":{\"column_breakpoint\":\"m\",\"content\":\"\n\n<p>Die phil-vision GmbH ist ein herstellerunabh\\u00e4ngiger Systemintegrator f\\u00fcr industrielle Bildverarbeitung und Computer Vision. Sie unterst\\u00fctzen Maschinenbauer, OEMs und Industrieunternehmen bei der Entwicklung und Integration kamerabasierter Pr\\u00fcf-, Mess- und Automatisierungsl\\u00f6sungen. phil-vision kombiniert langj\\u00e4hrige Erfahrung in Softwareentwicklung, Systementwicklung und Automatisierung mit modernen Verfahren basierend auf klassische Bildverarbeitung und Deep Learning. Der Fokus liegt auf robusten, praxistauglichen L\\u00f6sungen, die zuverl\\u00e4ssig unter realen Industriebedingungen funktionieren.<\\\/p>\\n\n\n<p><br \\\/>phil-vision begleitet Projekte von der Idee \\u00fcber\\u00a0 Machbarkeitsanalysen und Systemauslegung bis zur Umsetzung, Inbetriebnahme und dem stabilen Betrieb im Feld.<\\\/p>\",\"margin\":\"default\"}}]}]}]},{\"type\":\"section\",\"props\":{\"image_position\":\"center-center\",\"style\":\"default\",\"title_breakpoint\":\"xl\",\"title_position\":\"top-left\",\"title_rotation\":\"left\",\"vertical_align\":\"middle\",\"width\":\"default\"},\"children\":[{\"type\":\"row\",\"children\":[{\"type\":\"column\",\"props\":{\"image_position\":\"center-center\",\"position_sticky_breakpoint\":\"m\"},\"children\":[{\"type\":\"grid\",\"props\":{\"content_column_breakpoint\":\"m\",\"filter\":false,\"filter_align\":\"left\",\"filter_all\":true,\"filter_grid_breakpoint\":\"m\",\"filter_grid_width\":\"auto\",\"filter_position\":\"top\",\"filter_style\":\"tab\",\"grid_column_align\":false,\"grid_default\":\"1\",\"grid_divider\":false,\"grid_large\":\"2\",\"grid_medium\":\"2\",\"grid_row_align\":false,\"grid_xlarge\":\"2\",\"icon_width\":80,\"image_align\":\"top\",\"image_grid_breakpoint\":\"m\",\"image_grid_width\":\"1-2\",\"image_svg_color\":\"emphasis\",\"item_animation\":true,\"lightbox_bg_close\":true,\"link_style\":\"default\",\"link_text\":\"Read more\",\"margin\":\"default\",\"meta_align\":\"below-title\",\"meta_element\":\"div\",\"meta_style\":\"text-meta\",\"show_content\":true,\"show_hover_image\":true,\"show_hover_video\":true,\"show_image\":true,\"show_link\":true,\"show_meta\":true,\"show_title\":true,\"show_video\":true,\"title_align\":\"top\",\"title_element\":\"h3\",\"title_grid_breakpoint\":\"m\",\"title_grid_width\":\"1-2\",\"title_hover_style\":\"reset\"},\"children\":[{\"type\":\"grid_item\",\"props\":{\"content\":\"\n\n<ul>\\n\n\n<li>Maschinen- und Anlagenbau<\\\/li>\\n\n\n<li>Industrieautomation &amp; Produktion<\\\/li>\\n\n\n<li>Qualit\\u00e4tspr\\u00fcfung &amp; Qualit\\u00e4tsmanagement<\\\/li>\\n\n\n<li>Lebensmittel- &amp; Getr\\u00e4nkeindustrie<\\\/li>\\n\n\n<li>Automotive<\\\/li>\\n\n\n<li>Druck- &amp; Verpackungsindustrie<\\\/li>\\n\n\n<li>Bau &amp; Fertigteilproduktion<\\\/li>\\n\n\n<li>Agrar &amp; Food<\\\/li>\\n<\\\/ul>\",\"title\":\"<mark>Industrien<\\\/mark>\"}},{\"type\":\"grid_item\",\"props\":{\"content\":\"\n\n<ul>\\n\n\n<li>Kamerabasierte Pr\\u00fcf- und Inspektionssysteme<\\\/li>\\n\n\n<li>Prozess\\u00fcberwachung<\\\/li>\\n\n\n<li>Optische Vermessungsl\\u00f6sungen (2D\\\/3D)<\\\/li>\\n\n\n<li>3D-Bildverarbeitung und 3D-Messsysteme<\\\/li>\\n\n\n<li>Sortier- und Klassifizierungsl\\u00f6sungen<\\\/li>\\n\n\n<li>OCR\\\/Code-Lesen\\\/Identifikation<\\\/li>\\n\n\n<li>Vollst\\u00e4ndigkeits- und Anwesenheitspr\\u00fcfungen<\\\/li>\\n\n\n<li>Smart-Vision-Systeme &amp; modulare Kameral\\u00f6sungen<\\\/li>\\n\n\n<li>Nachr\\u00fcstung\\\/Retrofit von Vision-Systemen <\\\/li>\\n<\\\/ul>\",\"title\":\"<mark>L\\u00f6sungen<\\\/mark>\"}},{\"type\":\"grid_item\",\"props\":{\"content\":\"\n\n<ul>\\n\n\n<li>Entwicklung kundenspezifischer Komplettl\\u00f6sungen<\\\/li>\\n\n\n<li>Beratung &amp; Konzeptentwicklung<\\\/li>\\n\n\n<li>Machbarkeitsanalysen (Proof of Concept)<\\\/li>\\n\n\n<li>Systemauslegung (Hardware\\\/Optik\\\/Beleuchtung)<\\\/li>\\n\n\n<li>Projektumsetzung &amp; Integration in Maschinen\\\/Anlagen<\\\/li>\\n\n\n<li>Softwareentwicklung f\\u00fcr Bildverarbeitung\\\/KI<\\\/li>\\n\n\n<li>Inbetriebnahme, Test &amp; Validierung<\\\/li>\\n\n\n<li>Wartung &amp; Support<\\\/li>\\n\n\n<li>Schulungen &amp; Know-how-Transfer<\\\/li>\\n<\\\/ul>\",\"title\":\"<mark>Service Portfolio<\\\/mark>\"}},{\"type\":\"grid_item\",\"props\":{\"content\":\"\n\n<ul>\\n\n\n<li>Industrielle Bildverarbeitung \\\/ Computer Vision<\\\/li>\\n\n\n<li>Integration komplexer Vision-Systeme in Maschinenumgebungen<\\\/li>\\n\n\n<li>Robuste L\\u00f6sungen f\\u00fcr reale Industriebedingungen<\\\/li>\\n\n\n<li>Praxistaugliche, passgenaue L\\u00f6sungen<\\\/li>\\n\n\n<li>Deep Learning + klassische Bildverarbeitung\\u00a0<\\\/li>\\n\n\n<li>Herstellerunabh\\u00e4ngige Systemintegration<\\\/li>\\n\n\n<li>Kombination von Kamera, Optik und Beleuchtung\\u00a0<\\\/li>\\n\n\n<li>Serienreife Umsetzung inkl. Betrieb im Feld \\\/ After-Launch Support<\\\/li>\\n<\\\/ul>\",\"title\":\"<mark>Spezialgebiet<\\\/mark>\"}}]},{\"type\":\"divider\",\"props\":{\"divider_element\":\"hr\"}},{\"type\":\"headline\",\"props\":{\"content\":\"\n\n<h2><span>phil-vision GmbH<\\\/span><\\\/h2>\",\"title_element\":\"h1\"}},{\"type\":\"table\",\"props\":{\"image_svg_color\":\"emphasis\",\"link_style\":\"default\",\"link_text\":\"Read more\",\"meta_style\":\"text-meta\",\"show_content\":true,\"show_image\":true,\"show_link\":true,\"show_meta\":true,\"show_title\":true,\"table_order\":\"1\",\"table_responsive\":\"overflow\",\"table_width_meta\":\"shrink\",\"table_width_title\":\"shrink\"},\"children\":[{\"type\":\"table_item\",\"props\":{\"content\":\"\n\n<p>Junkersstr. 5<\\\/p>\\n\n\n<p>82178 Puchheim<\\\/p>\\n\n\n<p>Deutschland<\\\/p>\",\"title\":\"Adresse:\"}},{\"type\":\"table_item\",\"props\":{\"content\":\"\n\n<p><a href=\\\"tel:0049 89 125094350\\\">+49 89 125094350<\\\/a><\\\/p>\",\"title\":\"Kontakt:\"}},{\"type\":\"table_item\",\"props\":{\"content\":\"<a href=\\\"mailto:info@phil-vision.com\\\">info@phil-vision.com<\\\/a>\",\"link_text\":\"office@7iD.com\",\"title\":\"\"}},{\"type\":\"table_item\",\"props\":{\"content\":\"\n\n<p><a href=\\\"https:\\\/\\\/www.phil-vision.com\\\/de\\\/\\\">phil-vision.com<\\\/a><\\\/p>\",\"image\":\"\",\"title\":\"Website:\"}}]},{\"type\":\"icon\",\"props\":{\"icon\":\"linkedin\",\"icon_width\":\"30\",\"link\":\"https:\\\/\\\/www.linkedin.com\\\/company\\\/phil-vision\\\/\",\"link_target\":true,\"margin\":\"default\"}}]}]}]}],\"version\":\"4.5.32\",\"yooessentialsVersion\":\"2.4.12\"} --><\/p>\n","protected":false},"excerpt":{"rendered":"<p>36ZERO Vision Premium Partner Bildverarbeitungsl\u00f6sungen f\u00fcr Maschinenbau und Industrieautomatisierung Die phil-vision GmbH ist ein herstellerunabh\u00e4ngiger Systemintegrator f\u00fcr industrielle Bildverarbeitung und Computer Vision. Sie unterst\u00fctzen Maschinenbauer, OEMs und Industrieunternehmen bei der Entwicklung und Integration kamerabasierter Pr\u00fcf-, Mess- und Automatisierungsl\u00f6sungen. phil-vision kombiniert langj\u00e4hrige Erfahrung in Softwareentwicklung, Systementwicklung und Automatisierung mit modernen Verfahren basierend auf klassische Bildverarbeitung und [&hellip;]<\/p>\n","protected":false},"author":4,"featured_media":0,"parent":0,"menu_order":0,"comment_status":"closed","ping_status":"closed","template":"","meta":{"footnotes":""},"class_list":["post-2164","page","type-page","status-publish","hentry"],"yoast_head":"<!-- This site is optimized with the Yoast SEO plugin v27.3 - https:\/\/yoast.com\/product\/yoast-seo-wordpress\/ -->\n<title>Partner Steckbrief phil-vision - 36zerovision<\/title>\n<meta name=\"robots\" content=\"index, follow, max-snippet:-1, max-image-preview:large, max-video-preview:-1\" \/>\n<link rel=\"canonical\" href=\"https:\/\/36zerovision.com\/en\/partner-profile-phil-vision\/\" \/>\n<meta property=\"og:locale\" content=\"en_US\" \/>\n<meta property=\"og:type\" content=\"article\" \/>\n<meta property=\"og:title\" content=\"Partner Steckbrief phil-vision - 36zerovision\" \/>\n<meta property=\"og:description\" content=\"36ZERO Vision Premium Partner Bildverarbeitungsl\u00f6sungen f\u00fcr Maschinenbau und Industrieautomatisierung Die phil-vision GmbH ist ein herstellerunabh\u00e4ngiger Systemintegrator f\u00fcr industrielle Bildverarbeitung und Computer Vision. Sie unterst\u00fctzen Maschinenbauer, OEMs und Industrieunternehmen bei der Entwicklung und Integration kamerabasierter Pr\u00fcf-, Mess- und Automatisierungsl\u00f6sungen. phil-vision kombiniert langj\u00e4hrige Erfahrung in Softwareentwicklung, Systementwicklung und Automatisierung mit modernen Verfahren basierend auf klassische Bildverarbeitung und [&hellip;]\" \/>\n<meta property=\"og:url\" content=\"https:\/\/36zerovision.com\/en\/partner-profile-phil-vision\/\" \/>\n<meta property=\"og:site_name\" content=\"36zerovision\" \/>\n<meta property=\"article:modified_time\" content=\"2026-01-23T11:01:54+00:00\" \/>\n<meta name=\"twitter:card\" content=\"summary_large_image\" \/>\n<meta name=\"twitter:label1\" content=\"Est. reading time\" \/>\n\t<meta name=\"twitter:data1\" content=\"2 minutes\" \/>\n<script type=\"application\/ld+json\" class=\"yoast-schema-graph\">{\"@context\":\"https:\\\/\\\/schema.org\",\"@graph\":[{\"@type\":\"WebPage\",\"@id\":\"https:\\\/\\\/36zerovision.com\\\/partner-steckbrief-phil-vision\\\/\",\"url\":\"https:\\\/\\\/36zerovision.com\\\/partner-steckbrief-phil-vision\\\/\",\"name\":\"Partner Steckbrief phil-vision - 36zerovision\",\"isPartOf\":{\"@id\":\"https:\\\/\\\/36zerovision.com\\\/#website\"},\"datePublished\":\"2026-01-23T09:52:05+00:00\",\"dateModified\":\"2026-01-23T11:01:54+00:00\",\"breadcrumb\":{\"@id\":\"https:\\\/\\\/36zerovision.com\\\/partner-steckbrief-phil-vision\\\/#breadcrumb\"},\"inLanguage\":\"en-US\",\"potentialAction\":[{\"@type\":\"ReadAction\",\"target\":[\"https:\\\/\\\/36zerovision.com\\\/partner-steckbrief-phil-vision\\\/\"]}]},{\"@type\":\"BreadcrumbList\",\"@id\":\"https:\\\/\\\/36zerovision.com\\\/partner-steckbrief-phil-vision\\\/#breadcrumb\",\"itemListElement\":[{\"@type\":\"ListItem\",\"position\":1,\"name\":\"Startseite\",\"item\":\"https:\\\/\\\/36zerovision.com\\\/\"},{\"@type\":\"ListItem\",\"position\":2,\"name\":\"Partner Steckbrief phil-vision\"}]},{\"@type\":\"WebSite\",\"@id\":\"https:\\\/\\\/36zerovision.com\\\/#website\",\"url\":\"https:\\\/\\\/36zerovision.com\\\/\",\"name\":\"www.36zerovision.com\",\"description\":\"\",\"publisher\":{\"@id\":\"https:\\\/\\\/36zerovision.com\\\/#organization\"},\"potentialAction\":[{\"@type\":\"SearchAction\",\"target\":{\"@type\":\"EntryPoint\",\"urlTemplate\":\"https:\\\/\\\/36zerovision.com\\\/?s={search_term_string}\"},\"query-input\":{\"@type\":\"PropertyValueSpecification\",\"valueRequired\":true,\"valueName\":\"search_term_string\"}}],\"inLanguage\":\"en-US\"},{\"@type\":\"Organization\",\"@id\":\"https:\\\/\\\/36zerovision.com\\\/#organization\",\"name\":\"36ZERO Vision\",\"url\":\"https:\\\/\\\/36zerovision.com\\\/\",\"logo\":{\"@type\":\"ImageObject\",\"inLanguage\":\"en-US\",\"@id\":\"https:\\\/\\\/36zerovision.com\\\/#\\\/schema\\\/logo\\\/image\\\/\",\"url\":\"https:\\\/\\\/36zerovision.com\\\/wp-content\\\/uploads\\\/2025\\\/08\\\/36ZERO_Vision_Logotype_Horizontal_Dark_Blue_RGB_72dpi.png\",\"contentUrl\":\"https:\\\/\\\/36zerovision.com\\\/wp-content\\\/uploads\\\/2025\\\/08\\\/36ZERO_Vision_Logotype_Horizontal_Dark_Blue_RGB_72dpi.png\",\"width\":1475,\"height\":153,\"caption\":\"36ZERO Vision\"},\"image\":{\"@id\":\"https:\\\/\\\/36zerovision.com\\\/#\\\/schema\\\/logo\\\/image\\\/\"},\"sameAs\":[\"https:\\\/\\\/www.linkedin.com\\\/company\\\/36zero-vision\\\/\"]}]}<\/script>\n<!-- \/ Yoast SEO plugin. -->","yoast_head_json":{"title":"Partner profile phil-vision - 36zerovision","robots":{"index":"index","follow":"follow","max-snippet":"max-snippet:-1","max-image-preview":"max-image-preview:large","max-video-preview":"max-video-preview:-1"},"canonical":"https:\/\/36zerovision.com\/en\/partner-profile-phil-vision\/","og_locale":"en_US","og_type":"article","og_title":"Partner Steckbrief phil-vision - 36zerovision","og_description":"36ZERO Vision Premium Partner Bildverarbeitungsl\u00f6sungen f\u00fcr Maschinenbau und Industrieautomatisierung Die phil-vision GmbH ist ein herstellerunabh\u00e4ngiger Systemintegrator f\u00fcr industrielle Bildverarbeitung und Computer Vision. Sie unterst\u00fctzen Maschinenbauer, OEMs und Industrieunternehmen bei der Entwicklung und Integration kamerabasierter Pr\u00fcf-, Mess- und Automatisierungsl\u00f6sungen. phil-vision kombiniert langj\u00e4hrige Erfahrung in Softwareentwicklung, Systementwicklung und Automatisierung mit modernen Verfahren basierend auf klassische Bildverarbeitung und [&hellip;]","og_url":"https:\/\/36zerovision.com\/en\/partner-profile-phil-vision\/","og_site_name":"36zerovision","article_modified_time":"2026-01-23T11:01:54+00:00","twitter_card":"summary_large_image","twitter_misc":{"Est. reading time":"2 minutes"},"schema":{"@context":"https:\/\/schema.org","@graph":[{"@type":"WebPage","@id":"https:\/\/36zerovision.com\/partner-steckbrief-phil-vision\/","url":"https:\/\/36zerovision.com\/partner-steckbrief-phil-vision\/","name":"Partner profile phil-vision - 36zerovision","isPartOf":{"@id":"https:\/\/36zerovision.com\/#website"},"datePublished":"2026-01-23T09:52:05+00:00","dateModified":"2026-01-23T11:01:54+00:00","breadcrumb":{"@id":"https:\/\/36zerovision.com\/partner-steckbrief-phil-vision\/#breadcrumb"},"inLanguage":"en-US","potentialAction":[{"@type":"ReadAction","target":["https:\/\/36zerovision.com\/partner-steckbrief-phil-vision\/"]}]},{"@type":"BreadcrumbList","@id":"https:\/\/36zerovision.com\/partner-steckbrief-phil-vision\/#breadcrumb","itemListElement":[{"@type":"ListItem","position":1,"name":"Startseite","item":"https:\/\/36zerovision.com\/"},{"@type":"ListItem","position":2,"name":"Partner Steckbrief phil-vision"}]},{"@type":"WebSite","@id":"https:\/\/36zerovision.com\/#website","url":"https:\/\/36zerovision.com\/","name":"www.36zerovision.com","description":"","publisher":{"@id":"https:\/\/36zerovision.com\/#organization"},"potentialAction":[{"@type":"SearchAction","target":{"@type":"EntryPoint","urlTemplate":"https:\/\/36zerovision.com\/?s={search_term_string}"},"query-input":{"@type":"PropertyValueSpecification","valueRequired":true,"valueName":"search_term_string"}}],"inLanguage":"en-US"},{"@type":"Organization","@id":"https:\/\/36zerovision.com\/#organization","name":"36ZERO Vision","url":"https:\/\/36zerovision.com\/","logo":{"@type":"ImageObject","inLanguage":"en-US","@id":"https:\/\/36zerovision.com\/#\/schema\/logo\/image\/","url":"https:\/\/36zerovision.com\/wp-content\/uploads\/2025\/08\/36ZERO_Vision_Logotype_Horizontal_Dark_Blue_RGB_72dpi.png","contentUrl":"https:\/\/36zerovision.com\/wp-content\/uploads\/2025\/08\/36ZERO_Vision_Logotype_Horizontal_Dark_Blue_RGB_72dpi.png","width":1475,"height":153,"caption":"36ZERO Vision"},"image":{"@id":"https:\/\/36zerovision.com\/#\/schema\/logo\/image\/"},"sameAs":["https:\/\/www.linkedin.com\/company\/36zero-vision\/"]}]}},"_links":{"self":[{"href":"https:\/\/36zerovision.com\/en\/wp-json\/wp\/v2\/pages\/2164","targetHints":{"allow":["GET"]}}],"collection":[{"href":"https:\/\/36zerovision.com\/en\/wp-json\/wp\/v2\/pages"}],"about":[{"href":"https:\/\/36zerovision.com\/en\/wp-json\/wp\/v2\/types\/page"}],"author":[{"embeddable":true,"href":"https:\/\/36zerovision.com\/en\/wp-json\/wp\/v2\/users\/4"}],"replies":[{"embeddable":true,"href":"https:\/\/36zerovision.com\/en\/wp-json\/wp\/v2\/comments?post=2164"}],"version-history":[{"count":18,"href":"https:\/\/36zerovision.com\/en\/wp-json\/wp\/v2\/pages\/2164\/revisions"}],"predecessor-version":[{"id":2186,"href":"https:\/\/36zerovision.com\/en\/wp-json\/wp\/v2\/pages\/2164\/revisions\/2186"}],"wp:attachment":[{"href":"https:\/\/36zerovision.com\/en\/wp-json\/wp\/v2\/media?parent=2164"}],"curies":[{"name":"wp","href":"https:\/\/api.w.org\/{rel}","templated":true}]}}