{"id":2199,"date":"2026-02-05T07:21:00","date_gmt":"2026-02-05T07:21:00","guid":{"rendered":"https:\/\/36zerovision.com\/?page_id=2199"},"modified":"2026-02-05T07:21:00","modified_gmt":"2026-02-05T07:21:00","slug":"partner-profile-aku","status":"publish","type":"page","link":"https:\/\/36zerovision.com\/en\/partner-steckbrief-aku\/","title":{"rendered":"Partner profile aku"},"content":{"rendered":"<h1>36ZERO Vision Premium Partner<\/h1>\n<p><a href=\"https:\/\/www.aku.eu\/\"><img decoding=\"async\" src=\"\/wp-content\/uploads\/2026\/02\/logo-aku.png\" alt=\"\"><\/a><\/p>\n<hr>\n<h2>\n<p>Profis der Bildverarbeitung f\u00fcr effektive Produktion<\/p>\n<\/h2>\n<div>\n<p>aku.automation GmbH ist ein mittelst\u00e4ndisches Unternehmen aus der Automatisierung, das auf die industrielle Bildverarbeitung spezialisiert ist. Mit seinen \u00fcber 17 Jahren Markterfahrung, werden selbst schwierigste Herausforderungen gel\u00f6st.<\/p>\n<p>Mit dem Ansatz, Bildverarbeitungssysteme ma\u00dfgeschneidert auf Kundenbed\u00fcrfnisse zuzuschneiden, entwickelt aku.automation effiziente Pr\u00fcfungen, Inspektionen und Fehlererkennungen \u2013 und das weltweit.<\/p>\n<\/div>\n<ul>\n<li>\n<h3><mark>Industrien<\/mark><\/h3>\n<div>\n<ul>\n<li><span role=\"presentation\" data-olk-copy-source=\"MessageBody\">Maschinenbau<\/span><\/li>\n<li><span role=\"presentation\">Lebensmittel<\/span><\/li>\n<li><span role=\"presentation\">Verpackung<\/span><\/li>\n<li><span role=\"presentation\">Elektronik\/Elektrotechnik<\/span><\/li>\n<li><span role=\"presentation\">Automotive<\/span><\/li>\n<li><span role=\"presentation\">Robotik<\/span><\/li>\n<li><span role=\"presentation\">Consumer Goods<\/span><\/li>\n<\/ul>\n<\/div>\n<\/li>\n<li>\n<h3><mark>L\u00f6sungen<\/mark><\/h3>\n<div>\n<ul>\n<li><span role=\"presentation\" data-olk-copy-source=\"MessageBody\">Klassische und KI-basierte L\u00f6sungen<\/span><\/li>\n<li><span role=\"presentation\" data-olk-copy-source=\"MessageBody\">Bildverarbeitung f\u00fcr Fertigung und Montage<\/span><\/li>\n<li><span role=\"presentation\">Softwareframework aku.visionManager\u00ae <\/span><\/li>\n<li><span role=\"presentation\">Integration s\u00e4mtlicher Bildverarbeitungskomponenten in eine L\u00f6sung<\/span><\/li>\n<\/ul>\n<\/div>\n<\/li>\n<li>\n<h3><mark>Service Portfolio<\/mark><\/h3>\n<div>\n<ul>\n<li><span role=\"presentation\" data-olk-copy-source=\"MessageBody\">Machbarkeitsstudien f\u00fcr Bildverarbeitungsprojekte<\/span><\/li>\n<li><span role=\"presentation\">Bildverarbeitungsprojekte gem\u00e4\u00df Kundenspezifikation<\/span><\/li>\n<li><span role=\"presentation\">Integration in Systemlandschaft<\/span><\/li>\n<li><span role=\"presentation\">Programmierung und i<\/span><span role=\"presentation\">ndividuelle Softwareentwicklung im Umfeld der industriellen Bildverarbeitung<\/span><\/li>\n<li><span role=\"presentation\">Schnittstellenentwicklung<\/span><\/li>\n<li><span role=\"presentation\">Service &amp; Wartung<\/span><\/li>\n<\/ul>\n<\/div>\n<\/li>\n<li>\n<h3><mark>Spezialgebiet<\/mark><\/h3>\n<div>\n<ul>\n<li>Komplettl\u00f6sungen<\/li>\n<li>Einzelgewerke<\/li>\n<li>Retrofit<\/li>\n<li><span role=\"presentation\" data-olk-copy-source=\"MessageBody\">3D-basierte hochaufl\u00f6sende Bildverarbeitungsl\u00f6sungen<\/span><\/li>\n<li><span role=\"presentation\">Hybride Systeme, bestehend aus klassischer und KI-basierter Bildverarbeitung<\/span><\/li>\n<li><span role=\"presentation\">Multikamerasysteme f\u00fcr komplexe Fragestellungen aus der industriellen Bildverarbeitung<\/span><\/li>\n<\/ul>\n<\/div>\n<\/li>\n<\/ul>\n<hr>\n<h1>\n<h2><span data-olk-copy-source=\"MessageBody\">aku.automation GmbH<\/span><\/h2>\n<\/h1>\n<table>\n<tbody>\n<tr>\n<td>Adresse:<\/td>\n<td>\n<p><span data-olk-copy-source=\"MessageBody\">Robert-Bosch-Stra\u00dfe 76<\/span><\/p>\n<p><span data-olk-copy-source=\"MessageBody\">73431 Aalen<\/span><\/p>\n<p>Deutschland<\/p>\n<\/td>\n<\/tr>\n<tr>\n<td>Kontakt:<\/td>\n<td>\n<p><a href=\"tel:00497361890880\">+49 7361 \/ 890 88-0<\/a><\/p>\n<\/td>\n<\/tr>\n<tr>\n<td><\/td>\n<td><a href=\"mailto:info@aku.eu\">info@aku.eu<\/a><\/td>\n<\/tr>\n<tr>\n<td>Website:<\/td>\n<td>\n<p><a href=\"https:\/\/www.aku.eu\/\">aku.eu<\/a><\/p>\n<\/td>\n<\/tr>\n<\/tbody>\n<\/table>\n<p><a href=\"https:\/\/www.linkedin.com\/company\/aku-automation-gmbh\/\">[linkedin]<\/a><\/p>\n<p><!--more--><br \/>\n<!-- {\"type\":\"layout\",\"children\":[{\"type\":\"section\",\"props\":{\"image_position\":\"center-center\",\"style\":\"default\",\"title_breakpoint\":\"xl\",\"title_position\":\"top-left\",\"title_rotation\":\"left\",\"vertical_align\":\"middle\",\"width\":\"default\"},\"children\":[{\"type\":\"row\",\"children\":[{\"type\":\"column\",\"props\":{\"image_position\":\"center-center\",\"position_sticky_breakpoint\":\"m\"},\"children\":[{\"type\":\"headline\",\"props\":{\"content\":\"36ZERO Vision Premium Partner\",\"image_align\":\"left\",\"image_margin\":\"xsmall\",\"title_element\":\"h1\"}},{\"type\":\"image\",\"props\":{\"image\":\"wp-content\/uploads\/2026\/02\/logo-aku.png\",\"image_height\":210,\"image_svg_color\":\"emphasis\",\"link\":\"https:\/\/www.aku.eu\/\",\"margin_bottom\":\"default\",\"margin_top\":\"default\"}},{\"type\":\"divider\",\"props\":{\"divider_element\":\"hr\"}},{\"type\":\"headline\",\"props\":{\"content\":\"\n\n<p>Profis der Bildverarbeitung f\u00fcr effektive Produktion<\/p>\n\n\",\"image_align\":\"left\",\"image_margin\":\"xsmall\",\"title_element\":\"h2\"}}]}]}]},{\"type\":\"section\",\"props\":{\"image_position\":\"center-center\",\"style\":\"muted\",\"title_breakpoint\":\"xl\",\"title_position\":\"top-left\",\"title_rotation\":\"left\",\"vertical_align\":\"middle\",\"width\":\"default\"},\"children\":[{\"type\":\"row\",\"children\":[{\"type\":\"column\",\"props\":{\"image_position\":\"center-center\",\"position_sticky_breakpoint\":\"m\"},\"children\":[{\"type\":\"text\",\"props\":{\"column_breakpoint\":\"m\",\"content\":\"\n\n<p>aku.automation GmbH ist ein mittelst\u00e4ndisches Unternehmen aus der Automatisierung, das auf die industrielle Bildverarbeitung spezialisiert ist. Mit seinen \u00fcber 17 Jahren Markterfahrung, werden selbst schwierigste Herausforderungen gel\u00f6st.<\/p>\n\n\\n\n\n<p>Mit dem Ansatz, Bildverarbeitungssysteme ma\u00dfgeschneidert auf Kundenbed\u00fcrfnisse zuzuschneiden, entwickelt aku.automation effiziente Pr\u00fcfungen, Inspektionen und Fehlererkennungen \u2013 und das weltweit.<\/p>\n\n\",\"margin_bottom\":\"default\",\"margin_top\":\"default\"}}]}]}]},{\"type\":\"section\",\"props\":{\"image_position\":\"center-center\",\"style\":\"default\",\"title_breakpoint\":\"xl\",\"title_position\":\"top-left\",\"title_rotation\":\"left\",\"vertical_align\":\"middle\",\"width\":\"default\"},\"children\":[{\"type\":\"row\",\"children\":[{\"type\":\"column\",\"props\":{\"image_position\":\"center-center\",\"position_sticky_breakpoint\":\"m\"},\"children\":[{\"type\":\"grid\",\"props\":{\"content_column_breakpoint\":\"m\",\"filter\":false,\"filter_align\":\"left\",\"filter_all\":true,\"filter_grid_breakpoint\":\"m\",\"filter_grid_width\":\"auto\",\"filter_position\":\"top\",\"filter_style\":\"tab\",\"grid_column_align\":false,\"grid_default\":\"1\",\"grid_divider\":false,\"grid_large\":\"2\",\"grid_medium\":\"2\",\"grid_row_align\":false,\"grid_xlarge\":\"2\",\"image_align\":\"top\",\"image_grid_breakpoint\":\"m\",\"image_grid_width\":\"1-2\",\"image_svg_color\":\"emphasis\",\"item_animation\":true,\"lightbox_bg_close\":true,\"link_style\":\"default\",\"link_text\":\"Read more\",\"margin_bottom\":\"default\",\"margin_top\":\"default\",\"meta_align\":\"below-title\",\"meta_element\":\"div\",\"meta_style\":\"text-meta\",\"show_content\":true,\"show_hover_image\":true,\"show_hover_video\":true,\"show_image\":true,\"show_link\":true,\"show_meta\":true,\"show_title\":true,\"show_video\":true,\"title_align\":\"top\",\"title_element\":\"h3\",\"title_grid_breakpoint\":\"m\",\"title_grid_width\":\"1-2\",\"title_hover_style\":\"reset\"},\"children\":[{\"type\":\"grid_item\",\"props\":{\"content\":\"\n\n<ul>\\n\n\n<li><span role=\\\"presentation\\\" data-olk-copy-source=\\\"MessageBody\\\">Maschinenbau<\/span><\/li>\n\n\\n\n\n<li><span role=\\\"presentation\\\">Lebensmittel<\/span><\/li>\n\n\\n\n\n<li><span role=\\\"presentation\\\">Verpackung<\/span><\/li>\n\n\\n\n\n<li><span role=\\\"presentation\\\">Elektronik\/Elektrotechnik<\/span><\/li>\n\n\\n\n\n<li><span role=\\\"presentation\\\">Automotive<\/span><\/li>\n\n\\n\n\n<li><span role=\\\"presentation\\\">Robotik<\/span><\/li>\n\n\\n\n\n<li><span role=\\\"presentation\\\">Consumer Goods<\/span><\/li>\n\n\\n<\/ul>\n\n\",\"title\":\"<mark>Industrien<\/mark>\"}},{\"type\":\"grid_item\",\"props\":{\"content\":\"\n\n<ul>\\n\n\n<li><span role=\\\"presentation\\\" data-olk-copy-source=\\\"MessageBody\\\">Klassische und KI-basierte L\u00f6sungen<\/span><\/li>\n\n\\n\n\n<li><span role=\\\"presentation\\\" data-olk-copy-source=\\\"MessageBody\\\">Bildverarbeitung f\u00fcr Fertigung und Montage<\/span><\/li>\n\n\\n\n\n<li><span role=\\\"presentation\\\">Softwareframework aku.visionManager\u00ae <\/span><\/li>\n\n\\n\n\n<li><span role=\\\"presentation\\\">Integration s\u00e4mtlicher Bildverarbeitungskomponenten in eine L\u00f6sung<\/span><\/li>\n\n\\n<\/ul>\n\n\",\"title\":\"<mark>L\u00f6sungen<\/mark>\"}},{\"type\":\"grid_item\",\"props\":{\"content\":\"\n\n<ul>\\n\n\n<li><span role=\\\"presentation\\\" data-olk-copy-source=\\\"MessageBody\\\">Machbarkeitsstudien f\u00fcr Bildverarbeitungsprojekte<\/span><\/li>\n\n\\n\n\n<li><span role=\\\"presentation\\\">Bildverarbeitungsprojekte gem\u00e4\u00df Kundenspezifikation<\/span><\/li>\n\n\\n\n\n<li><span role=\\\"presentation\\\">Integration in Systemlandschaft<\/span><\/li>\n\n\\n\n\n<li><span role=\\\"presentation\\\">Programmierung und i<\/span><span role=\\\"presentation\\\">ndividuelle Softwareentwicklung im Umfeld der industriellen Bildverarbeitung<\/span><\/li>\n\n\\n\n\n<li><span role=\\\"presentation\\\">Schnittstellenentwicklung<\/span><\/li>\n\n\\n\n\n<li><span role=\\\"presentation\\\">Service &amp; Wartung<\/span><\/li>\n\n\\n<\/ul>\n\n\",\"title\":\"<mark>Service Portfolio<\/mark>\"}},{\"type\":\"grid_item\",\"props\":{\"content\":\"\n\n<ul>\\n\n\n<li>Komplettl\u00f6sungen<\/li>\n\n\\n\n\n<li>Einzelgewerke<\/li>\n\n\\n\n\n<li>Retrofit<\/li>\n\n\\n\n\n<li><span role=\\\"presentation\\\" data-olk-copy-source=\\\"MessageBody\\\">3D-basierte hochaufl\u00f6sende Bildverarbeitungsl\u00f6sungen<\/span><\/li>\n\n\\n\n\n<li><span role=\\\"presentation\\\">Hybride Systeme, bestehend aus klassischer und KI-basierter Bildverarbeitung<\/span><\/li>\n\n\\n\n\n<li><span role=\\\"presentation\\\">Multikamerasysteme f\u00fcr komplexe Fragestellungen aus der industriellen Bildverarbeitung<\/span><\/li>\n\n\\n<\/ul>\n\n\",\"title\":\"<mark>Spezialgebiet<\/mark>\"}}]},{\"type\":\"divider\",\"props\":{\"divider_element\":\"hr\"}},{\"type\":\"headline\",\"props\":{\"content\":\"\n\n<h2><span data-olk-copy-source=\\\"MessageBody\\\">aku.automation GmbH<\/span><\/h2>\n\n\",\"image_align\":\"left\",\"image_margin\":\"xsmall\",\"title_element\":\"h1\"}},{\"type\":\"table\",\"props\":{\"image_svg_color\":\"emphasis\",\"link_style\":\"default\",\"link_text\":\"Read more\",\"meta_style\":\"text-meta\",\"show_content\":true,\"show_image\":true,\"show_link\":true,\"show_meta\":true,\"show_title\":true,\"table_order\":\"1\",\"table_responsive\":\"overflow\",\"table_width_meta\":\"shrink\",\"table_width_title\":\"shrink\"},\"children\":[{\"type\":\"table_item\",\"props\":{\"content\":\"\n\n<p><span data-olk-copy-source=\\\"MessageBody\\\">Robert-Bosch-Stra\u00dfe 76<\/span><\/p>\n\n\\n\n\n<p><span data-olk-copy-source=\\\"MessageBody\\\">73431 Aalen<\/span><\/p>\n\n\\n\n\n<p>Deutschland<\/p>\n\n\",\"title\":\"Adresse:\"}},{\"type\":\"table_item\",\"props\":{\"content\":\"\n\n<p><a href=\\\"tel:00497361890880\\\">+49 7361 \/ 890 88-0<\/a><\/p>\n\n\",\"title\":\"Kontakt:\"}},{\"type\":\"table_item\",\"props\":{\"content\":\"<a href=\\\"mailto:info@aku.eu\\\">info@aku.eu<\/a>\",\"link_text\":\"office@7iD.com\",\"title\":\"\"}},{\"type\":\"table_item\",\"props\":{\"content\":\"\n\n<p><a href=\\\"https:\/\/www.aku.eu\/\\\">aku.eu<\/a><\/p>\n\n\",\"image\":\"\",\"title\":\"Website:\"}}]},{\"type\":\"icon\",\"props\":{\"icon\":\"linkedin\",\"icon_width\":\"30\",\"link\":\"https:\/\/www.linkedin.com\/company\/aku-automation-gmbh\/\",\"link_target\":true,\"margin_bottom\":\"default\",\"margin_top\":\"default\"}}]}]}]}],\"version\":\"5.0.10\"} --><\/p>\n","protected":false},"excerpt":{"rendered":"<p>36ZERO Vision Premium Partner Profis der Bildverarbeitung f\u00fcr effektive Produktion aku.automation GmbH ist ein mittelst\u00e4ndisches Unternehmen aus der Automatisierung, das auf die industrielle Bildverarbeitung spezialisiert ist. Mit seinen \u00fcber 17 Jahren Markterfahrung, werden selbst schwierigste Herausforderungen gel\u00f6st. Mit dem Ansatz, Bildverarbeitungssysteme ma\u00dfgeschneidert auf Kundenbed\u00fcrfnisse zuzuschneiden, entwickelt aku.automation effiziente Pr\u00fcfungen, Inspektionen und Fehlererkennungen \u2013 und das [&hellip;]<\/p>\n","protected":false},"author":4,"featured_media":0,"parent":0,"menu_order":0,"comment_status":"closed","ping_status":"closed","template":"","meta":{"footnotes":""},"class_list":["post-2199","page","type-page","status-publish","hentry"],"yoast_head":"<!-- This site is optimized with the Yoast SEO plugin v27.3 - https:\/\/yoast.com\/product\/yoast-seo-wordpress\/ -->\n<title>Partner Steckbrief aku - 36zerovision<\/title>\n<meta name=\"robots\" content=\"index, follow, max-snippet:-1, max-image-preview:large, max-video-preview:-1\" \/>\n<link rel=\"canonical\" href=\"https:\/\/36zerovision.com\/en\/partner-profile-aku\/\" \/>\n<meta property=\"og:locale\" content=\"en_US\" \/>\n<meta property=\"og:type\" content=\"article\" \/>\n<meta property=\"og:title\" content=\"Partner Steckbrief aku - 36zerovision\" \/>\n<meta property=\"og:description\" content=\"36ZERO Vision Premium Partner Profis der Bildverarbeitung f\u00fcr effektive Produktion aku.automation GmbH ist ein mittelst\u00e4ndisches Unternehmen aus der Automatisierung, das auf die industrielle Bildverarbeitung spezialisiert ist. Mit seinen \u00fcber 17 Jahren Markterfahrung, werden selbst schwierigste Herausforderungen gel\u00f6st. Mit dem Ansatz, Bildverarbeitungssysteme ma\u00dfgeschneidert auf Kundenbed\u00fcrfnisse zuzuschneiden, entwickelt aku.automation effiziente Pr\u00fcfungen, Inspektionen und Fehlererkennungen \u2013 und das [&hellip;]\" \/>\n<meta property=\"og:url\" content=\"https:\/\/36zerovision.com\/en\/partner-profile-aku\/\" \/>\n<meta property=\"og:site_name\" content=\"36zerovision\" \/>\n<meta name=\"twitter:card\" content=\"summary_large_image\" \/>\n<meta name=\"twitter:label1\" content=\"Est. reading time\" \/>\n\t<meta name=\"twitter:data1\" content=\"2 minutes\" \/>\n<script type=\"application\/ld+json\" class=\"yoast-schema-graph\">{\"@context\":\"https:\\\/\\\/schema.org\",\"@graph\":[{\"@type\":\"WebPage\",\"@id\":\"https:\\\/\\\/36zerovision.com\\\/partner-steckbrief-aku\\\/\",\"url\":\"https:\\\/\\\/36zerovision.com\\\/partner-steckbrief-aku\\\/\",\"name\":\"Partner Steckbrief aku - 36zerovision\",\"isPartOf\":{\"@id\":\"https:\\\/\\\/36zerovision.com\\\/#website\"},\"datePublished\":\"2026-02-05T07:21:00+00:00\",\"breadcrumb\":{\"@id\":\"https:\\\/\\\/36zerovision.com\\\/partner-steckbrief-aku\\\/#breadcrumb\"},\"inLanguage\":\"en-US\",\"potentialAction\":[{\"@type\":\"ReadAction\",\"target\":[\"https:\\\/\\\/36zerovision.com\\\/partner-steckbrief-aku\\\/\"]}]},{\"@type\":\"BreadcrumbList\",\"@id\":\"https:\\\/\\\/36zerovision.com\\\/partner-steckbrief-aku\\\/#breadcrumb\",\"itemListElement\":[{\"@type\":\"ListItem\",\"position\":1,\"name\":\"Startseite\",\"item\":\"https:\\\/\\\/36zerovision.com\\\/\"},{\"@type\":\"ListItem\",\"position\":2,\"name\":\"Partner Steckbrief aku\"}]},{\"@type\":\"WebSite\",\"@id\":\"https:\\\/\\\/36zerovision.com\\\/#website\",\"url\":\"https:\\\/\\\/36zerovision.com\\\/\",\"name\":\"www.36zerovision.com\",\"description\":\"\",\"publisher\":{\"@id\":\"https:\\\/\\\/36zerovision.com\\\/#organization\"},\"potentialAction\":[{\"@type\":\"SearchAction\",\"target\":{\"@type\":\"EntryPoint\",\"urlTemplate\":\"https:\\\/\\\/36zerovision.com\\\/?s={search_term_string}\"},\"query-input\":{\"@type\":\"PropertyValueSpecification\",\"valueRequired\":true,\"valueName\":\"search_term_string\"}}],\"inLanguage\":\"en-US\"},{\"@type\":\"Organization\",\"@id\":\"https:\\\/\\\/36zerovision.com\\\/#organization\",\"name\":\"36ZERO Vision\",\"url\":\"https:\\\/\\\/36zerovision.com\\\/\",\"logo\":{\"@type\":\"ImageObject\",\"inLanguage\":\"en-US\",\"@id\":\"https:\\\/\\\/36zerovision.com\\\/#\\\/schema\\\/logo\\\/image\\\/\",\"url\":\"https:\\\/\\\/36zerovision.com\\\/wp-content\\\/uploads\\\/2025\\\/08\\\/36ZERO_Vision_Logotype_Horizontal_Dark_Blue_RGB_72dpi.png\",\"contentUrl\":\"https:\\\/\\\/36zerovision.com\\\/wp-content\\\/uploads\\\/2025\\\/08\\\/36ZERO_Vision_Logotype_Horizontal_Dark_Blue_RGB_72dpi.png\",\"width\":1475,\"height\":153,\"caption\":\"36ZERO Vision\"},\"image\":{\"@id\":\"https:\\\/\\\/36zerovision.com\\\/#\\\/schema\\\/logo\\\/image\\\/\"},\"sameAs\":[\"https:\\\/\\\/www.linkedin.com\\\/company\\\/36zero-vision\\\/\"]}]}<\/script>\n<!-- \/ Yoast SEO plugin. -->","yoast_head_json":{"title":"Partner profile aku - 36zerovision","robots":{"index":"index","follow":"follow","max-snippet":"max-snippet:-1","max-image-preview":"max-image-preview:large","max-video-preview":"max-video-preview:-1"},"canonical":"https:\/\/36zerovision.com\/en\/partner-profile-aku\/","og_locale":"en_US","og_type":"article","og_title":"Partner Steckbrief aku - 36zerovision","og_description":"36ZERO Vision Premium Partner Profis der Bildverarbeitung f\u00fcr effektive Produktion aku.automation GmbH ist ein mittelst\u00e4ndisches Unternehmen aus der Automatisierung, das auf die industrielle Bildverarbeitung spezialisiert ist. Mit seinen \u00fcber 17 Jahren Markterfahrung, werden selbst schwierigste Herausforderungen gel\u00f6st. Mit dem Ansatz, Bildverarbeitungssysteme ma\u00dfgeschneidert auf Kundenbed\u00fcrfnisse zuzuschneiden, entwickelt aku.automation effiziente Pr\u00fcfungen, Inspektionen und Fehlererkennungen \u2013 und das [&hellip;]","og_url":"https:\/\/36zerovision.com\/en\/partner-profile-aku\/","og_site_name":"36zerovision","twitter_card":"summary_large_image","twitter_misc":{"Est. reading time":"2 minutes"},"schema":{"@context":"https:\/\/schema.org","@graph":[{"@type":"WebPage","@id":"https:\/\/36zerovision.com\/partner-steckbrief-aku\/","url":"https:\/\/36zerovision.com\/partner-steckbrief-aku\/","name":"Partner profile aku - 36zerovision","isPartOf":{"@id":"https:\/\/36zerovision.com\/#website"},"datePublished":"2026-02-05T07:21:00+00:00","breadcrumb":{"@id":"https:\/\/36zerovision.com\/partner-steckbrief-aku\/#breadcrumb"},"inLanguage":"en-US","potentialAction":[{"@type":"ReadAction","target":["https:\/\/36zerovision.com\/partner-steckbrief-aku\/"]}]},{"@type":"BreadcrumbList","@id":"https:\/\/36zerovision.com\/partner-steckbrief-aku\/#breadcrumb","itemListElement":[{"@type":"ListItem","position":1,"name":"Startseite","item":"https:\/\/36zerovision.com\/"},{"@type":"ListItem","position":2,"name":"Partner Steckbrief aku"}]},{"@type":"WebSite","@id":"https:\/\/36zerovision.com\/#website","url":"https:\/\/36zerovision.com\/","name":"www.36zerovision.com","description":"","publisher":{"@id":"https:\/\/36zerovision.com\/#organization"},"potentialAction":[{"@type":"SearchAction","target":{"@type":"EntryPoint","urlTemplate":"https:\/\/36zerovision.com\/?s={search_term_string}"},"query-input":{"@type":"PropertyValueSpecification","valueRequired":true,"valueName":"search_term_string"}}],"inLanguage":"en-US"},{"@type":"Organization","@id":"https:\/\/36zerovision.com\/#organization","name":"36ZERO Vision","url":"https:\/\/36zerovision.com\/","logo":{"@type":"ImageObject","inLanguage":"en-US","@id":"https:\/\/36zerovision.com\/#\/schema\/logo\/image\/","url":"https:\/\/36zerovision.com\/wp-content\/uploads\/2025\/08\/36ZERO_Vision_Logotype_Horizontal_Dark_Blue_RGB_72dpi.png","contentUrl":"https:\/\/36zerovision.com\/wp-content\/uploads\/2025\/08\/36ZERO_Vision_Logotype_Horizontal_Dark_Blue_RGB_72dpi.png","width":1475,"height":153,"caption":"36ZERO Vision"},"image":{"@id":"https:\/\/36zerovision.com\/#\/schema\/logo\/image\/"},"sameAs":["https:\/\/www.linkedin.com\/company\/36zero-vision\/"]}]}},"_links":{"self":[{"href":"https:\/\/36zerovision.com\/en\/wp-json\/wp\/v2\/pages\/2199","targetHints":{"allow":["GET"]}}],"collection":[{"href":"https:\/\/36zerovision.com\/en\/wp-json\/wp\/v2\/pages"}],"about":[{"href":"https:\/\/36zerovision.com\/en\/wp-json\/wp\/v2\/types\/page"}],"author":[{"embeddable":true,"href":"https:\/\/36zerovision.com\/en\/wp-json\/wp\/v2\/users\/4"}],"replies":[{"embeddable":true,"href":"https:\/\/36zerovision.com\/en\/wp-json\/wp\/v2\/comments?post=2199"}],"version-history":[{"count":17,"href":"https:\/\/36zerovision.com\/en\/wp-json\/wp\/v2\/pages\/2199\/revisions"}],"predecessor-version":[{"id":2220,"href":"https:\/\/36zerovision.com\/en\/wp-json\/wp\/v2\/pages\/2199\/revisions\/2220"}],"wp:attachment":[{"href":"https:\/\/36zerovision.com\/en\/wp-json\/wp\/v2\/media?parent=2199"}],"curies":[{"name":"wp","href":"https:\/\/api.w.org\/{rel}","templated":true}]}}